{"id":843,"date":"2025-10-22T14:38:44","date_gmt":"2025-10-22T13:38:44","guid":{"rendered":"https:\/\/matisse16living.be\/news\/"},"modified":"2025-11-04T14:58:25","modified_gmt":"2025-11-04T13:58:25","slug":"news","status":"publish","type":"page","link":"https:\/\/matisse16living.be\/en\/news\/","title":{"rendered":"News"},"content":{"rendered":"\n<section class=\"wp-block-uicore-container uicore-block-95pz3ybkgw\"><div class=\"uicore-bl-container\">\n<h1 class=\"wp-block-uicore-heading uicore-block-q1uct91a1a uicore-animate-hide uicore-bl-title uicore-bl-content\" data-ui-animation=\"fadeIn\" data-ui-duration=\"slow\">News<\/span><\/h1>\n\n\n\n<section class=\"wp-block-uicore-query-loop uicore-block-dj8nelncxt uicore-animate-hide\" data-ui-animation=\"fadeInDown\" id=\"actu-grid\"><div class=\"wp-block-uicore-query-loop-grid uicore-block-wnsfamq4so\"><div class=\"wp-block-post wp-block-uicore-none uicore-block-0tmwh1c8mt post-855 actualite type-actualite status-publish has-post-thumbnail hentry\"><a class=\"wp-block-uicore-post-image uicore-block-quvpwjefym uicore-bl-img\" href=\"https:\/\/matisse16living.be\/en\/news\/new-sustainable-apartments-in-evere\/\"><img loading=\"lazy\" src=\"https:\/\/matisse16living.be\/wp-content\/uploads\/2024\/11\/Matisse16Living_Perspective_12.jpg\" decoding=\"async\" alt=\"Un jardin inspirant r\u00e9serv\u00e9 aux r\u00e9sidents au sein du projet Matisse 16 Living\" as=\"image\" class=\"wp-image-746\" data-bl-image=\"746\" width=\"1970\" height=\"1206\" srcset=\"https:\/\/matisse16living.be\/wp-content\/uploads\/2024\/11\/Matisse16Living_Perspective_12.jpg 1970w, https:\/\/matisse16living.be\/wp-content\/uploads\/2024\/11\/Matisse16Living_Perspective_12-300x184.jpg 300w, https:\/\/matisse16living.be\/wp-content\/uploads\/2024\/11\/Matisse16Living_Perspective_12-1024x627.jpg 1024w, https:\/\/matisse16living.be\/wp-content\/uploads\/2024\/11\/Matisse16Living_Perspective_12-768x470.jpg 768w, https:\/\/matisse16living.be\/wp-content\/uploads\/2024\/11\/Matisse16Living_Perspective_12-1536x940.jpg 1536w, https:\/\/matisse16living.be\/wp-content\/uploads\/2024\/11\/Matisse16Living_Perspective_12-985x603.jpg 985w, https:\/\/matisse16living.be\/wp-content\/uploads\/2024\/11\/Matisse16Living_Perspective_12-1930x1182.jpg 1930w, https:\/\/matisse16living.be\/wp-content\/uploads\/2024\/11\/Matisse16Living_Perspective_12-1296x793.jpg 1296w\" sizes=\"auto, (max-width: 1970px) 100vw, 1970px\"><\/a><h3 class=\"uicore-bl-content wp-block-uicore-post-info uicore-block-hkgtilkwha\"><a href=\"https:\/\/matisse16living.be\/en\/news\/new-sustainable-apartments-in-evere\/\">New, sustainable apartments in Evere (Brussels)<\/a><\/h3><\/div><div class=\"wp-block-post wp-block-uicore-none uicore-block-0tmwh1c8mt post-857 actualite type-actualite status-publish has-post-thumbnail hentry\"><a class=\"wp-block-uicore-post-image uicore-block-quvpwjefym uicore-bl-img\" href=\"https:\/\/matisse16living.be\/en\/news\/why-choose-to-live-in-evere-today\/\"><img loading=\"lazy\" src=\"https:\/\/matisse16living.be\/wp-content\/uploads\/2024\/11\/Matisse16Living_Perspective_11.jpg\" decoding=\"async\" alt=\"Vue ext\u00e9rieure de Matisse 16 Living\" as=\"image\" class=\"wp-image-743\" data-bl-image=\"743\" width=\"1970\" height=\"1206\" srcset=\"https:\/\/matisse16living.be\/wp-content\/uploads\/2024\/11\/Matisse16Living_Perspective_11.jpg 1970w, https:\/\/matisse16living.be\/wp-content\/uploads\/2024\/11\/Matisse16Living_Perspective_11-300x184.jpg 300w, https:\/\/matisse16living.be\/wp-content\/uploads\/2024\/11\/Matisse16Living_Perspective_11-1024x627.jpg 1024w, https:\/\/matisse16living.be\/wp-content\/uploads\/2024\/11\/Matisse16Living_Perspective_11-768x470.jpg 768w, https:\/\/matisse16living.be\/wp-content\/uploads\/2024\/11\/Matisse16Living_Perspective_11-1536x940.jpg 1536w, https:\/\/matisse16living.be\/wp-content\/uploads\/2024\/11\/Matisse16Living_Perspective_11-985x603.jpg 985w, https:\/\/matisse16living.be\/wp-content\/uploads\/2024\/11\/Matisse16Living_Perspective_11-1930x1182.jpg 1930w, https:\/\/matisse16living.be\/wp-content\/uploads\/2024\/11\/Matisse16Living_Perspective_11-1296x793.jpg 1296w\" sizes=\"auto, (max-width: 1970px) 100vw, 1970px\"><\/a><h3 class=\"uicore-bl-content wp-block-uicore-post-info uicore-block-hkgtilkwha\"><a href=\"https:\/\/matisse16living.be\/en\/news\/why-choose-to-live-in-evere-today\/\">Why choose to live in Evere today?<\/a><\/h3><\/div><\/div>\n\n\n\n<\/section>\n<\/div><\/section>\n","protected":false},"excerpt":{"rendered":"","protected":false},"author":8,"featured_media":0,"parent":0,"menu_order":0,"comment_status":"closed","ping_status":"closed","template":"simple-page.php","meta":{"_acf_changed":false,"inline_featured_image":false,"_uicore_block_fonts":"","footnotes":""},"class_list":["post-843","page","type-page","status-publish","hentry"],"acf":[],"yoast_head":"<!-- This site is optimized with the Yoast SEO plugin v27.5 - https:\/\/yoast.com\/product\/yoast-seo-wordpress\/ -->\n<title>News | Matisse 16 Living<\/title>\n<meta name=\"robots\" content=\"index, follow, max-snippet:-1, max-image-preview:large, max-video-preview:-1\" \/>\n<link rel=\"canonical\" href=\"https:\/\/matisse16living.be\/en\/news\/\" \/>\n<meta property=\"og:locale\" content=\"en_US\" \/>\n<meta property=\"og:type\" content=\"article\" \/>\n<meta property=\"og:title\" content=\"News | Matisse 16 Living\" \/>\n<meta property=\"og:url\" content=\"https:\/\/matisse16living.be\/en\/news\/\" \/>\n<meta property=\"og:site_name\" content=\"Matisse 16 Living\" \/>\n<meta property=\"article:modified_time\" content=\"2025-11-04T13:58:25+00:00\" \/>\n<meta property=\"og:image\" content=\"https:\/\/matisse16living.be\/wp-content\/uploads\/2024\/11\/Matisse16Living_Perspective_2.jpg\" \/>\n\t<meta property=\"og:image:width\" content=\"1970\" \/>\n\t<meta property=\"og:image:height\" content=\"1206\" \/>\n\t<meta property=\"og:image:type\" content=\"image\/jpeg\" \/>\n<meta name=\"twitter:card\" content=\"summary_large_image\" \/>\n<script type=\"application\/ld+json\" class=\"yoast-schema-graph\">{\"@context\":\"https:\\\/\\\/schema.org\",\"@graph\":[{\"@type\":\"WebPage\",\"@id\":\"https:\\\/\\\/matisse16living.be\\\/en\\\/news\\\/\",\"url\":\"https:\\\/\\\/matisse16living.be\\\/en\\\/news\\\/\",\"name\":\"News | Matisse 16 Living\",\"isPartOf\":{\"@id\":\"https:\\\/\\\/matisse16living.be\\\/en\\\/#website\"},\"datePublished\":\"2025-10-22T13:38:44+00:00\",\"dateModified\":\"2025-11-04T13:58:25+00:00\",\"breadcrumb\":{\"@id\":\"https:\\\/\\\/matisse16living.be\\\/en\\\/news\\\/#breadcrumb\"},\"inLanguage\":\"en-US\",\"potentialAction\":[{\"@type\":\"ReadAction\",\"target\":[\"https:\\\/\\\/matisse16living.be\\\/en\\\/news\\\/\"]}]},{\"@type\":\"BreadcrumbList\",\"@id\":\"https:\\\/\\\/matisse16living.be\\\/en\\\/news\\\/#breadcrumb\",\"itemListElement\":[{\"@type\":\"ListItem\",\"position\":1,\"name\":\"Home\",\"item\":\"https:\\\/\\\/matisse16living.be\\\/en\\\/\"},{\"@type\":\"ListItem\",\"position\":2,\"name\":\"News\"}]},{\"@type\":\"WebSite\",\"@id\":\"https:\\\/\\\/matisse16living.be\\\/en\\\/#website\",\"url\":\"https:\\\/\\\/matisse16living.be\\\/en\\\/\",\"name\":\"Matisse 16 Living\",\"description\":\"The art of living in Evere\",\"publisher\":{\"@id\":\"https:\\\/\\\/matisse16living.be\\\/en\\\/#organization\"},\"potentialAction\":[{\"@type\":\"SearchAction\",\"target\":{\"@type\":\"EntryPoint\",\"urlTemplate\":\"https:\\\/\\\/matisse16living.be\\\/en\\\/?s={search_term_string}\"},\"query-input\":{\"@type\":\"PropertyValueSpecification\",\"valueRequired\":true,\"valueName\":\"search_term_string\"}}],\"inLanguage\":\"en-US\"},{\"@type\":\"Organization\",\"@id\":\"https:\\\/\\\/matisse16living.be\\\/en\\\/#organization\",\"name\":\"Matisse 16 Living\",\"url\":\"https:\\\/\\\/matisse16living.be\\\/en\\\/\",\"logo\":{\"@type\":\"ImageObject\",\"inLanguage\":\"en-US\",\"@id\":\"https:\\\/\\\/matisse16living.be\\\/en\\\/#\\\/schema\\\/logo\\\/image\\\/\",\"url\":\"https:\\\/\\\/matisse16living.be\\\/wp-content\\\/uploads\\\/2024\\\/10\\\/logo-hero.svg\",\"contentUrl\":\"https:\\\/\\\/matisse16living.be\\\/wp-content\\\/uploads\\\/2024\\\/10\\\/logo-hero.svg\",\"width\":678,\"height\":184,\"caption\":\"Matisse 16 Living\"},\"image\":{\"@id\":\"https:\\\/\\\/matisse16living.be\\\/en\\\/#\\\/schema\\\/logo\\\/image\\\/\"}}]}<\/script>\n<!-- \/ Yoast SEO plugin. -->","yoast_head_json":{"title":"News | Matisse 16 Living","robots":{"index":"index","follow":"follow","max-snippet":"max-snippet:-1","max-image-preview":"max-image-preview:large","max-video-preview":"max-video-preview:-1"},"canonical":"https:\/\/matisse16living.be\/en\/news\/","og_locale":"en_US","og_type":"article","og_title":"News | Matisse 16 Living","og_url":"https:\/\/matisse16living.be\/en\/news\/","og_site_name":"Matisse 16 Living","article_modified_time":"2025-11-04T13:58:25+00:00","og_image":[{"width":1970,"height":1206,"url":"https:\/\/matisse16living.be\/wp-content\/uploads\/2024\/11\/Matisse16Living_Perspective_2.jpg","type":"image\/jpeg"}],"twitter_card":"summary_large_image","schema":{"@context":"https:\/\/schema.org","@graph":[{"@type":"WebPage","@id":"https:\/\/matisse16living.be\/en\/news\/","url":"https:\/\/matisse16living.be\/en\/news\/","name":"News | Matisse 16 Living","isPartOf":{"@id":"https:\/\/matisse16living.be\/en\/#website"},"datePublished":"2025-10-22T13:38:44+00:00","dateModified":"2025-11-04T13:58:25+00:00","breadcrumb":{"@id":"https:\/\/matisse16living.be\/en\/news\/#breadcrumb"},"inLanguage":"en-US","potentialAction":[{"@type":"ReadAction","target":["https:\/\/matisse16living.be\/en\/news\/"]}]},{"@type":"BreadcrumbList","@id":"https:\/\/matisse16living.be\/en\/news\/#breadcrumb","itemListElement":[{"@type":"ListItem","position":1,"name":"Home","item":"https:\/\/matisse16living.be\/en\/"},{"@type":"ListItem","position":2,"name":"News"}]},{"@type":"WebSite","@id":"https:\/\/matisse16living.be\/en\/#website","url":"https:\/\/matisse16living.be\/en\/","name":"Matisse 16 Living","description":"The art of living in Evere","publisher":{"@id":"https:\/\/matisse16living.be\/en\/#organization"},"potentialAction":[{"@type":"SearchAction","target":{"@type":"EntryPoint","urlTemplate":"https:\/\/matisse16living.be\/en\/?s={search_term_string}"},"query-input":{"@type":"PropertyValueSpecification","valueRequired":true,"valueName":"search_term_string"}}],"inLanguage":"en-US"},{"@type":"Organization","@id":"https:\/\/matisse16living.be\/en\/#organization","name":"Matisse 16 Living","url":"https:\/\/matisse16living.be\/en\/","logo":{"@type":"ImageObject","inLanguage":"en-US","@id":"https:\/\/matisse16living.be\/en\/#\/schema\/logo\/image\/","url":"https:\/\/matisse16living.be\/wp-content\/uploads\/2024\/10\/logo-hero.svg","contentUrl":"https:\/\/matisse16living.be\/wp-content\/uploads\/2024\/10\/logo-hero.svg","width":678,"height":184,"caption":"Matisse 16 Living"},"image":{"@id":"https:\/\/matisse16living.be\/en\/#\/schema\/logo\/image\/"}}]}},"_links":{"self":[{"href":"https:\/\/matisse16living.be\/en\/wp-json\/wp\/v2\/pages\/843","targetHints":{"allow":["GET"]}}],"collection":[{"href":"https:\/\/matisse16living.be\/en\/wp-json\/wp\/v2\/pages"}],"about":[{"href":"https:\/\/matisse16living.be\/en\/wp-json\/wp\/v2\/types\/page"}],"author":[{"embeddable":true,"href":"https:\/\/matisse16living.be\/en\/wp-json\/wp\/v2\/users\/8"}],"replies":[{"embeddable":true,"href":"https:\/\/matisse16living.be\/en\/wp-json\/wp\/v2\/comments?post=843"}],"version-history":[{"count":0,"href":"https:\/\/matisse16living.be\/en\/wp-json\/wp\/v2\/pages\/843\/revisions"}],"wp:attachment":[{"href":"https:\/\/matisse16living.be\/en\/wp-json\/wp\/v2\/media?parent=843"}],"curies":[{"name":"wp","href":"https:\/\/api.w.org\/{rel}","templated":true}]}}